{"id":262,"date":"2025-06-20T07:37:23","date_gmt":"2025-06-20T07:37:23","guid":{"rendered":"https:\/\/mwmediaproductions.com\/?page_id=262"},"modified":"2025-06-20T10:24:52","modified_gmt":"2025-06-20T10:24:52","slug":"home-2","status":"publish","type":"page","link":"https:\/\/mwmediaproductions.com\/","title":{"rendered":"Home"},"content":{"rendered":"\t\t<div data-elementor-type=\"wp-page\" data-elementor-id=\"262\" class=\"elementor elementor-262\">\n\t\t\t\t<div class=\"elementor-element elementor-element-dfcf37f e-flex e-con-boxed e-con e-parent\" data-id=\"dfcf37f\" data-element_type=\"container\" data-settings=\"{&quot;background_background&quot;:&quot;classic&quot;}\">\n\t\t\t\t\t<div class=\"e-con-inner\">\n\t\t\t\t<div class=\"elementor-element elementor-element-74ba85a elementor-widget elementor-widget-heading\" data-id=\"74ba85a\" data-element_type=\"widget\" data-widget_type=\"heading.default\">\n\t\t\t\t<div class=\"elementor-widget-container\">\n\t\t\t\t\t<h2 class=\"elementor-heading-title elementor-size-default\">Meer dan een website <br> Een partner<span style=\"color: #218294\">.<\/span>\n<\/h2>\t\t\t\t<\/div>\n\t\t\t\t<\/div>\n\t\t\t\t<div class=\"elementor-element elementor-element-1f65ec8 elementor-widget elementor-widget-text-editor\" data-id=\"1f65ec8\" data-element_type=\"widget\" data-widget_type=\"text-editor.default\">\n\t\t\t\t<div class=\"elementor-widget-container\">\n\t\t\t\t\t\t\t\t\t<p data-start=\"921\" data-end=\"1100\"><strong data-start=\"921\" data-end=\"1100\">We ontwikkelen niet alleen functionele en doordachte websites, maar zorgen er ook voor dat ze blijven werken, meegroeien en verbeteren. Voor jou, je gebruikers \u00e9n je toekomst.<\/strong><\/p>\t\t\t\t\t\t\t\t<\/div>\n\t\t\t\t<\/div>\n\t\t\t\t<div class=\"elementor-element elementor-element-5135c43 elementor-widget elementor-widget-button\" data-id=\"5135c43\" data-element_type=\"widget\" data-widget_type=\"button.default\">\n\t\t\t\t<div class=\"elementor-widget-container\">\n\t\t\t\t\t\t\t\t\t<div class=\"elementor-button-wrapper\">\n\t\t\t\t\t<a class=\"elementor-button elementor-button-link elementor-size-sm\" href=\"#\">\n\t\t\t\t\t\t<span class=\"elementor-button-content-wrapper\">\n\t\t\t\t\t\t\t\t\t<span class=\"elementor-button-text\">Offerte aanvragen<\/span>\n\t\t\t\t\t<\/span>\n\t\t\t\t\t<\/a>\n\t\t\t\t<\/div>\n\t\t\t\t\t\t\t\t<\/div>\n\t\t\t\t<\/div>\n\t\t\t\t\t<\/div>\n\t\t\t\t<\/div>\n\t\t<div class=\"elementor-element elementor-element-70c5fe1 animated-slow e-flex e-con-boxed elementor-invisible e-con e-parent\" data-id=\"70c5fe1\" data-element_type=\"container\" data-settings=\"{&quot;background_background&quot;:&quot;classic&quot;,&quot;animation&quot;:&quot;fadeInUp&quot;}\">\n\t\t\t\t\t<div class=\"e-con-inner\">\n\t\t<div class=\"elementor-element elementor-element-e4a45d5 e-con-full e-flex e-con e-child\" data-id=\"e4a45d5\" data-element_type=\"container\">\n\t\t\t\t<div class=\"elementor-element elementor-element-325326a elementor-widget elementor-widget-heading\" data-id=\"325326a\" data-element_type=\"widget\" data-widget_type=\"heading.default\">\n\t\t\t\t<div class=\"elementor-widget-container\">\n\t\t\t\t\t<h2 class=\"elementor-heading-title elementor-size-default\">Wat we doen en wie we zijn<span style=\"color: #218294\">.<\/span>\n<\/h2>\t\t\t\t<\/div>\n\t\t\t\t<\/div>\n\t\t\t\t<div class=\"elementor-element elementor-element-2a7b7d3 elementor-widget elementor-widget-text-editor\" data-id=\"2a7b7d3\" data-element_type=\"widget\" data-widget_type=\"text-editor.default\">\n\t\t\t\t<div class=\"elementor-widget-container\">\n\t\t\t\t\t\t\t\t\t<p>Wij bouwen websites die blijven werken. Geen gedoe met zelf aanpassen: jij geeft je wijziging door, wij regelen het. MW Media Productions is er voor ondernemers die ontzorgd willen worden \u2013 v\u00f3\u00f3r, tijdens en vooral n\u00e1 de oplevering.<\/p>\t\t\t\t\t\t\t\t<\/div>\n\t\t\t\t<\/div>\n\t\t<div class=\"elementor-element elementor-element-460e042 e-con-full e-flex e-con e-child\" data-id=\"460e042\" data-element_type=\"container\" data-settings=\"{&quot;background_background&quot;:&quot;classic&quot;}\">\n\t\t\t\t<\/div>\n\t\t\t\t<\/div>\n\t\t\t\t\t<\/div>\n\t\t\t\t<\/div>\n\t\t<div class=\"elementor-element elementor-element-da9f0d5 e-flex e-con-boxed e-con e-parent\" data-id=\"da9f0d5\" data-element_type=\"container\">\n\t\t\t\t\t<div class=\"e-con-inner\">\n\t\t<div class=\"elementor-element elementor-element-3a15d16 e-con-full e-flex e-con e-child\" data-id=\"3a15d16\" data-element_type=\"container\">\n\t\t\t\t<div class=\"elementor-element elementor-element-c7423a7 elementor-widget elementor-widget-heading\" data-id=\"c7423a7\" data-element_type=\"widget\" data-widget_type=\"heading.default\">\n\t\t\t\t<div class=\"elementor-widget-container\">\n\t\t\t\t\t<h2 class=\"elementor-heading-title elementor-size-default\">Het proces.<\/h2>\t\t\t\t<\/div>\n\t\t\t\t<\/div>\n\t\t\t\t<\/div>\n\t\t<div class=\"elementor-element elementor-element-10703e3 e-con-full e-flex e-con e-child\" data-id=\"10703e3\" data-element_type=\"container\">\n\t\t<div class=\"elementor-element elementor-element-0d7d393 e-con-full e-flex e-con e-child\" data-id=\"0d7d393\" data-element_type=\"container\" data-settings=\"{&quot;background_background&quot;:&quot;classic&quot;}\">\n\t\t\t\t<div class=\"elementor-element elementor-element-15825bd elementor-widget elementor-widget-heading\" data-id=\"15825bd\" data-element_type=\"widget\" data-widget_type=\"heading.default\">\n\t\t\t\t<div class=\"elementor-widget-container\">\n\t\t\t\t\t<h2 class=\"elementor-heading-title elementor-size-default\">1.<\/h2>\t\t\t\t<\/div>\n\t\t\t\t<\/div>\n\t\t\t\t<div class=\"elementor-element elementor-element-4bde134 elementor-view-default elementor-widget elementor-widget-icon\" data-id=\"4bde134\" data-element_type=\"widget\" data-widget_type=\"icon.default\">\n\t\t\t\t<div class=\"elementor-widget-container\">\n\t\t\t\t\t\t\t<div class=\"elementor-icon-wrapper\">\n\t\t\t<div class=\"elementor-icon\">\n\t\t\t<svg xmlns=\"http:\/\/www.w3.org\/2000\/svg\" id=\"Interview\" height=\"512\" viewBox=\"0 0 128 128\" width=\"512\"><g><path id=\"_x35_\" d=\"m76.019 0h45.944c3.459 0 6.037 3.089 6.037 6.462v28.939c0 3.373-2.578 6.462-6.037 6.462h-45.944c-3.486 0-6.038-3.089-6.038-6.462v-5.243l-9.778-4.989c-3.005-1.531-3.005-6.037 0-7.568 3.26-1.672 6.519-3.316 9.778-4.989v-6.15c-.001-3.373 2.551-6.462 6.038-6.462zm45.944 3.996h-45.944c-1.275 0-2.041 1.304-2.041 2.466v7.37c0 .708-.396 1.417-1.105 1.757-3.629 1.871-7.228 3.742-10.856 5.584-.198.113-.142.368 0 .425l10.687 5.499c.736.283 1.275.992 1.275 1.842v6.462c0 1.162.766 2.466 2.041 2.466h45.944c1.275 0 2.041-1.304 2.041-2.466v-28.939c-.001-1.162-.767-2.466-2.042-2.466z\"><\/path><path id=\"_x34_\" d=\"m84.437 14.086c-2.637 0-2.637-3.996 0-3.996h29.987c2.608 0 2.608 3.996 0 3.996zm0 17.715c-2.637 0-2.637-3.997 0-3.997h17.8c2.636 0 2.636 3.997 0 3.997zm0-8.871c-2.637 0-2.637-3.997 0-3.997h29.987c2.608 0 2.608 3.997 0 3.997z\"><\/path><path id=\"_x33_\" d=\"m25.736 37.838c-.595-.227-1.105-.482-1.587-.765l-.313 2.296 6.576 7.397 6.547-7.397-.312-2.296c-.481.283-.992.539-1.559.765-2.635 1.049-6.744 1.049-9.352 0zm-5.215-3.684-.198-.17c-3.062-2.721-4.563-6.462-4.563-10.544v-9.184c0-8.673 6.122-14.256 14.653-14.256s14.625 5.583 14.625 14.256v9.184c0 4.082-1.502 7.823-4.563 10.544l-.199.17.652 4.818 3.43 3.004 9.722 4.224c2.098.936 3.77 2.381 4.932 4.195 1.162 1.842 1.786 3.996 1.786 6.292v5.527c0 1.105-.879 2.013-1.984 2.013s-2.013-.907-2.013-2.013v-5.527c0-1.559-.396-2.976-1.162-4.138-.736-1.162-1.813-2.097-3.146-2.692l-7.964-3.458-3.345 10.459c-.312 1.049-1.445 1.616-2.494 1.304-.198-.085-.397-.17-.567-.312l-5.726-4.167v8.531c0 1.105-.878 2.013-1.983 2.013s-2.014-.908-2.014-2.013v-8.531l-5.697 4.195s-.538.255-.595.283c-1.049.312-2.154-.255-2.494-1.304l-3.316-10.459-7.993 3.458c-1.332.595-2.409 1.53-3.146 2.692s-1.162 2.58-1.162 4.138v25.083c0 1.106-.879 2.013-1.984 2.013s-2.013-.905-2.013-2.011v-25.084c0-2.296.624-4.45 1.814-6.292 1.134-1.814 2.806-3.26 4.903-4.195l9.722-4.223 3.43-3.004zm3.316-2.381c.113.085.199.17.284.283.935.822 1.898 1.616 3.061 2.069 1.673.652 4.791.652 6.435 0 1.162-.454 2.126-1.247 3.061-2.069.086-.113.199-.198.312-.283.284-.255.567-.51.822-.766 2.211-1.984 3.231-4.62 3.231-7.567v-4.251c-7.341 1.388-11.508-1.956-13.634-4.733-2.381 2.806-5.413 2.947-7.624 2.522v6.462c0 2.947.992 5.583 3.203 7.567.283.256.566.511.849.766zm-2.267 11.025-1.758 1.531 2.749 8.673 4.903-3.571zm17.658 0-5.867 6.633 4.875 3.571 2.75-8.673zm-27.494 25.596c0-1.105.907-2.013 2.013-2.013s1.984.907 1.984 2.013v13.377c0 1.106-.879 2.013-1.984 2.013s-2.013-.906-2.013-2.013zm8.107-55.498c1.56.397 4.28.51 5.754-3.118.709-1.701 3.061-1.757 3.741.142 0 0 2.522 7.284 11.706 5.187v-.851c0-6.462-4.308-10.26-10.629-10.26-5.697 0-9.976 3.089-10.572 8.9z\"><\/path><path id=\"_x32_\" d=\"m83.133 87.101c-3.657-3.232-5.442-7.115-5.442-12.019v-10.373c0-9.609 6.774-15.816 16.27-15.816 9.467 0 16.24 6.208 16.24 15.816v10.373c0 4.903-1.758 8.786-5.413 12.019l.794 8.247 14.993 5.641c4.648 2.041 7.426 6.548 7.426 11.593v13.406c0 1.105-.906 2.013-2.012 2.013s-1.984-.907-1.984-2.013v-13.406c0-3.458-1.785-6.491-4.989-7.908l-15.985-6.037c-5.979-1.898-12.018-2.296-18.083-.51l-16.071 6.547c-3.174 1.417-4.96 4.45-4.96 7.908v13.406c0 1.105-.907 2.013-2.013 2.013-1.104 0-1.983-.907-1.983-2.013v-13.406c0-5.045 2.777-9.552 7.426-11.593l15.051-6.122zm16.921 1.983h-12.216c-.51 0-.936.397-.992.906l-.34 3.629c4.987-.992 10.005-.766 14.937.425l-.397-4.054c-.029-.509-.454-.906-.992-.906zm-12.386-3.939h12.556c.736 0 1.644-.681 2.438-1.446 2.409-2.381 3.543-5.158 3.543-8.616v-10.374c0-7.427-4.96-11.82-12.244-11.82s-12.273 4.394-12.273 11.82v10.373c0 3.657 1.332 6.632 4.054 9.042.651.595 1.33 1.021 1.926 1.021z\"><\/path><path id=\"_x31_\" d=\"m20.578 86.675 3.315-18.99c.511-2.919 3.288-5.301 6.236-5.301h33.7c3.287 0 5.527 2.807 4.961 5.981l-4.252 24.233c-.539 3.118-3.486 5.669-6.661 5.669h-32.991-10.345c-2.212 0-4.422-1.247-4.989-3.515l-1.36-5.584c-.312-1.275.652-2.494 1.928-2.494h10.458zm25.452-8.418c1.105 0 1.984.879 1.984 1.983 0 1.105-.879 2.013-1.984 2.013s-2.013-.907-2.013-2.013c.001-1.104.908-1.983 2.013-1.983zm-22.448 14.342c-.142.964.34 1.672 1.332 1.672h32.964c1.275 0 2.494-1.105 2.722-2.353l4.251-24.233c.142-.766-.255-1.304-1.021-1.304h-33.7c-1.049 0-2.098.936-2.296 1.984-1.417 8.077-2.835 16.156-4.252 24.234zm-3.713-1.928h-7.199l.765 3.118c.341.595.822.481 1.106.481h5.158c-.17-.765-.17-1.587-.057-2.353z\"><\/path><\/g><\/svg>\t\t\t<\/div>\n\t\t<\/div>\n\t\t\t\t\t\t<\/div>\n\t\t\t\t<\/div>\n\t\t\t\t<div class=\"elementor-element elementor-element-5707dc7 elementor-widget elementor-widget-heading\" data-id=\"5707dc7\" data-element_type=\"widget\" data-widget_type=\"heading.default\">\n\t\t\t\t<div class=\"elementor-widget-container\">\n\t\t\t\t\t<h2 class=\"elementor-heading-title elementor-size-default\">Intake<\/h2>\t\t\t\t<\/div>\n\t\t\t\t<\/div>\n\t\t\t\t<div class=\"elementor-element elementor-element-6eec583 elementor-widget elementor-widget-text-editor\" data-id=\"6eec583\" data-element_type=\"widget\" data-widget_type=\"text-editor.default\">\n\t\t\t\t<div class=\"elementor-widget-container\">\n\t\t\t\t\t\t\t\t\t<p data-start=\"225\" data-end=\"475\">We beginnen met een helder gesprek. Wat heb je nodig, wat wil je uitstralen, en wat wil je dat je website voor je doet? Jij vertelt \u2013 wij luisteren, vragen door en denken mee. Geen moeilijke termen, maar een duidelijk plan waar jij je goed bij voelt.<\/p>\t\t\t\t\t\t\t\t<\/div>\n\t\t\t\t<\/div>\n\t\t\t\t<\/div>\n\t\t<div class=\"elementor-element elementor-element-3c13f5c e-con-full e-flex e-con e-child\" data-id=\"3c13f5c\" data-element_type=\"container\" data-settings=\"{&quot;background_background&quot;:&quot;classic&quot;}\">\n\t\t\t\t<div class=\"elementor-element elementor-element-e1d432f elementor-widget elementor-widget-heading\" data-id=\"e1d432f\" data-element_type=\"widget\" data-widget_type=\"heading.default\">\n\t\t\t\t<div class=\"elementor-widget-container\">\n\t\t\t\t\t<h2 class=\"elementor-heading-title elementor-size-default\">2.<\/h2>\t\t\t\t<\/div>\n\t\t\t\t<\/div>\n\t\t\t\t<div class=\"elementor-element elementor-element-9800828 elementor-view-default elementor-widget elementor-widget-icon\" data-id=\"9800828\" data-element_type=\"widget\" data-widget_type=\"icon.default\">\n\t\t\t\t<div class=\"elementor-widget-container\">\n\t\t\t\t\t\t\t<div class=\"elementor-icon-wrapper\">\n\t\t\t<div class=\"elementor-icon\">\n\t\t\t<svg xmlns=\"http:\/\/www.w3.org\/2000\/svg\" id=\"Layer_1\" height=\"512\" viewBox=\"0 0 512 512\" width=\"512\"><path d=\"m93.563 55.271c-18.654 0-33.83 15.171-33.83 33.817s15.176 33.817 33.83 33.817c18.669 0 33.858-15.171 33.858-33.817s-15.189-33.817-33.858-33.817zm0 47.466c-7.533 0-13.661-6.123-13.661-13.649s6.128-13.648 13.661-13.648c7.548 0 13.69 6.123 13.69 13.649s-6.142 13.648-13.69 13.648z\"><\/path><path d=\"m389.364 55.271h-89.429c-18.654 0-33.83 15.171-33.83 33.817s15.176 33.817 33.83 33.817h89.429c18.654 0 33.83-15.171 33.83-33.817s-15.176-33.817-33.83-33.817zm0 47.466h-89.429c-7.533 0-13.661-6.123-13.661-13.649s6.129-13.649 13.661-13.649h89.429c7.533 0 13.661 6.123 13.661 13.649s-6.128 13.649-13.661 13.649z\"><\/path><path d=\"m181.235 55.271c-18.654 0-33.83 15.171-33.83 33.817s15.176 33.817 33.83 33.817c18.669 0 33.858-15.171 33.858-33.817s-15.189-33.817-33.858-33.817zm0 47.466c-7.533 0-13.661-6.123-13.661-13.649s6.129-13.649 13.661-13.649c7.548 0 13.69 6.123 13.69 13.649s-6.142 13.649-13.69 13.649z\"><\/path><path d=\"m164.792 222.444c-5.415-1.297-10.858 2.046-12.152 7.464l-20.006 83.718c-1.294 5.417 2.047 10.858 7.464 12.152.788.188 1.577.279 2.353.279 4.559 0 8.693-3.114 9.799-7.743l20.006-83.718c1.295-5.417-2.047-10.857-7.464-12.152z\"><\/path><path d=\"m201.815 315.939c1.922 1.712 4.318 2.554 6.704 2.554 2.777 0 5.542-1.14 7.535-3.377l28.278-31.744c4.666-5.194 4.666-13.328.029-18.489l-28.308-31.777c-3.706-4.16-10.081-4.526-14.238-.823-4.16 3.705-4.528 10.08-.823 14.238l24.577 27.589-24.577 27.59c-3.704 4.16-3.336 10.535.823 14.239z\"><\/path><path d=\"m103.076 232.284c-4.16-3.705-10.533-3.334-14.238.823l-28.275 31.741c-4.672 5.195-4.672 13.333-.032 18.492l28.308 31.777c1.993 2.238 4.757 3.377 7.535 3.377 2.386 0 4.783-.842 6.704-2.554 4.16-3.705 4.528-10.08.823-14.238l-24.577-27.589 24.577-27.59c3.703-4.16 3.335-10.535-.825-14.239z\"><\/path><path d=\"m489.391 339.532h-3.744c-1.961-6.352-4.502-12.484-7.602-18.344l2.672-2.681c4.267-4.241 6.622-9.904 6.631-15.946.009-6.056-2.338-11.742-6.61-16.013l-5.206-5.203v-214.8c0-30.079-21.226-54.549-47.318-54.549h-380.896c-26.092 0-47.318 24.47-47.318 54.549v281.853c0 30.079 21.226 54.549 47.318 54.549h59.166c5.569 0 10.084-4.515 10.084-10.084s-4.515-10.084-10.084-10.084h-59.166c-14.716 0-27.149-15.745-27.149-34.38v-182.954h435.193v101.905c-1.149-.177-2.313-.293-3.498-.293-.012 0-.024 0-.035 0-6.042.01-11.705 2.362-15.913 6.593l-2.726 2.714c-5.983-3.161-12.214-5.732-18.639-7.695v-3.592c0-12.464-10.142-22.603-22.609-22.603h-18.249c-12.451 0-22.58 10.139-22.58 22.603v3.838c-6.304 1.981-12.391 4.53-18.209 7.626l-2.612-2.604c-4.242-4.263-9.906-6.617-15.948-6.626-.011 0-.022 0-.034 0-6.043 0-11.717 2.345-15.98 6.605l-12.893 12.887c-4.272 4.27-6.619 9.957-6.61 16.012.009 6.042 2.363 11.705 6.598 15.913l2.785 2.793c-3.023 5.77-5.506 11.789-7.427 18.009h-3.83c-12.452 0-22.581 10.126-22.581 22.574v18.267c0 .812.045 1.614.129 2.404h-58.675c-5.569 0-10.084 4.515-10.084 10.084s4.515 10.084 10.084 10.084h81.126 3.869c1.95 6.279 4.471 12.346 7.546 18.154l-2.725 2.713c-8.773 8.82-8.765 23.139.021 31.918l12.9 12.895c4.242 4.263 9.906 6.617 15.948 6.626h.033c6.044 0 11.718-2.345 15.981-6.606l2.701-2.699c5.86 3.089 11.953 5.613 18.225 7.552v3.903c0 12.464 10.129 22.603 22.581 22.603h18.277c12.451 0 22.58-10.139 22.58-22.603v-3.879c6.331-1.953 12.449-4.487 18.302-7.577l2.689 2.679c4.241 4.264 9.904 6.617 15.946 6.627h.035c6.043 0 11.717-2.345 15.988-6.613l12.865-12.887c4.267-4.241 6.622-9.904 6.631-15.946.009-6.056-2.338-11.742-6.611-16.013l-2.691-2.69c3.069-5.813 5.588-11.884 7.535-18.156h3.811c12.467 0 22.609-10.126 22.609-22.573v-18.267c.002-12.446-10.14-22.572-22.607-22.572zm-469.222-194.256v-78.731c0-18.635 12.433-34.38 27.149-34.38h380.896c14.716 0 27.149 15.745 27.149 34.38v78.732h-435.194zm471.662 235.097c0 1.281-1.14 2.404-2.441 2.404h-11.532c-4.702 0-8.78 3.249-9.83 7.832-2.178 9.505-5.919 18.519-11.12 26.794-2.505 3.985-1.92 9.173 1.41 12.5l8.16 8.155c.61.61.7 1.338.7 1.718-.001.454-.119 1.113-.708 1.697l-12.884 12.907c-.611.61-1.34.702-1.724.702-.001 0-.002 0-.002 0-.458 0-1.119-.119-1.71-.714l-8.19-8.156c-3.331-3.317-8.509-3.892-12.486-1.392-8.287 5.213-17.339 8.96-26.906 11.137-4.589 1.046-7.846 5.126-7.846 9.834v11.611c0 1.296-1.127 2.434-2.411 2.434h-18.277c-1.285 0-2.412-1.137-2.412-2.434v-11.64c0-4.712-3.264-8.797-7.86-9.836-9.445-2.136-18.481-5.877-26.855-11.117-1.65-1.033-3.504-1.537-5.347-1.537-2.605 0-5.187 1.007-7.132 2.953l-8.159 8.155c-.611.61-1.34.702-1.724.702-.001 0-.002 0-.003 0-.457 0-1.119-.119-1.698-.701l-12.921-12.915c-.905-.904-.895-2.506-.012-3.394l8.189-8.156c3.346-3.332 3.931-8.538 1.41-12.53-5.209-8.248-8.955-17.256-11.135-26.774-1.05-4.583-5.128-7.833-9.831-7.833h-11.59c-1.307 0-2.412-1.101-2.412-2.404v-18.267c0-1.303 1.105-2.405 2.412-2.405h11.561c4.707 0 8.789-3.257 9.834-7.846 2.152-9.457 5.85-18.428 10.991-26.666 2.482-3.977 1.896-9.14-1.415-12.46l-8.25-8.274c-.56-.556-.678-1.215-.679-1.669 0-.38.09-1.108.7-1.717l12.892-12.886c.611-.61 1.34-.702 1.724-.702h.003c.457.001 1.119.119 1.71.714l8.132 8.1c3.341 3.327 8.538 3.897 12.516 1.373 8.24-5.224 17.265-9.008 26.823-11.245 4.56-1.067 7.785-5.135 7.785-9.819v-11.526c0-1.319 1.104-2.434 2.411-2.434h18.249c1.323 0 2.441 1.115 2.441 2.434v11.356c0 4.725 3.28 8.816 7.893 9.843 9.595 2.137 18.749 5.911 27.208 11.218 3.975 2.492 9.148 1.916 12.476-1.398l8.223-8.19c.558-.561 1.219-.679 1.676-.68h.003c.384 0 1.113.092 1.723.702l12.893 12.885c.61.61.7 1.338.7 1.718-.001.454-.119 1.113-.712 1.702l-8.161 8.185c-3.323 3.333-3.899 8.521-1.388 12.501 5.221 8.277 8.977 17.341 11.165 26.939 1.046 4.588 5.126 7.843 9.833 7.843h11.476c1.3 0 2.441 1.125 2.441 2.405z\"><\/path><path d=\"m383.187 309.652c-33.982 0-61.628 27.634-61.628 61.601 0 33.951 27.646 61.573 61.628 61.573 33.967 0 61.6-27.621 61.6-61.573 0-33.966-27.633-61.601-61.6-61.601zm0 103.005c-22.86 0-41.459-18.574-41.459-41.404 0-22.846 18.599-41.432 41.459-41.432 22.845 0 41.431 18.586 41.431 41.432 0 22.83-18.587 41.404-41.431 41.404z\"><\/path><path d=\"m151.454 382.778h-.198c-5.569 0-10.084 4.515-10.084 10.084s4.515 10.084 10.084 10.084h.198c5.569 0 10.084-4.515 10.084-10.084s-4.515-10.084-10.084-10.084z\"><\/path><\/svg>\t\t\t<\/div>\n\t\t<\/div>\n\t\t\t\t\t\t<\/div>\n\t\t\t\t<\/div>\n\t\t\t\t<div class=\"elementor-element elementor-element-52e2745 elementor-widget elementor-widget-heading\" data-id=\"52e2745\" data-element_type=\"widget\" data-widget_type=\"heading.default\">\n\t\t\t\t<div class=\"elementor-widget-container\">\n\t\t\t\t\t<h2 class=\"elementor-heading-title elementor-size-default\">Bouwen<\/h2>\t\t\t\t<\/div>\n\t\t\t\t<\/div>\n\t\t\t\t<div class=\"elementor-element elementor-element-947ee0b elementor-widget elementor-widget-text-editor\" data-id=\"947ee0b\" data-element_type=\"widget\" data-widget_type=\"text-editor.default\">\n\t\t\t\t<div class=\"elementor-widget-container\">\n\t\t\t\t\t\t\t\t\t<p data-start=\"499\" data-end=\"754\">Op basis van de intake gaan we aan de slag met een passend ontwerp en een stevige technische basis. Jij krijgt tussentijds updates en kunt meekijken. Wij zorgen ervoor dat de website klopt \u2013 qua uitstraling, inhoud en gebruiksgemak \u2013 op elk schermformaat.<\/p>\t\t\t\t\t\t\t\t<\/div>\n\t\t\t\t<\/div>\n\t\t\t\t<\/div>\n\t\t<div class=\"elementor-element elementor-element-6fb29d4 e-con-full e-flex e-con e-child\" data-id=\"6fb29d4\" data-element_type=\"container\" data-settings=\"{&quot;background_background&quot;:&quot;classic&quot;}\">\n\t\t\t\t<div class=\"elementor-element elementor-element-9419eeb elementor-widget elementor-widget-heading\" data-id=\"9419eeb\" data-element_type=\"widget\" data-widget_type=\"heading.default\">\n\t\t\t\t<div class=\"elementor-widget-container\">\n\t\t\t\t\t<h2 class=\"elementor-heading-title elementor-size-default\">3.<\/h2>\t\t\t\t<\/div>\n\t\t\t\t<\/div>\n\t\t\t\t<div class=\"elementor-element elementor-element-c59a0c7 elementor-view-default elementor-widget elementor-widget-icon\" data-id=\"c59a0c7\" data-element_type=\"widget\" data-widget_type=\"icon.default\">\n\t\t\t\t<div class=\"elementor-widget-container\">\n\t\t\t\t\t\t\t<div class=\"elementor-icon-wrapper\">\n\t\t\t<div class=\"elementor-icon\">\n\t\t\t<svg xmlns=\"http:\/\/www.w3.org\/2000\/svg\" xmlns:xlink=\"http:\/\/www.w3.org\/1999\/xlink\" id=\"Capa_1\" x=\"0px\" y=\"0px\" viewBox=\"0 0 512 512\" style=\"enable-background:new 0 0 512 512;\" xml:space=\"preserve\"><g>\t<g>\t\t<path d=\"M477.858,8.533H34.142C15.317,8.533,0,23.851,0,42.675v281.591c0,4.71,3.823,8.533,8.533,8.533h494.933   c4.71,0,8.533-3.823,8.533-8.533V42.675C512,23.851,496.683,8.533,477.858,8.533z M494.933,315.733H17.067V42.675   c0-9.421,7.663-17.075,17.075-17.075h443.716c9.412,0,17.075,7.654,17.075,17.075V315.733z\"><\/path>\t<\/g><\/g><g>\t<g>\t\t<path d=\"M503.467,315.733H8.533c-4.71,0-8.533,3.823-8.533,8.533v42.658c0,18.825,15.317,34.142,34.142,34.142h443.716   c18.825,0,34.142-15.317,34.142-34.142v-42.658C512,319.556,508.177,315.733,503.467,315.733z M494.933,366.925   c0,9.421-7.663,17.075-17.075,17.075H34.142c-9.412,0-17.075-7.654-17.075-17.075V332.8h477.867V366.925z\"><\/path>\t<\/g><\/g><g>\t<g>\t\t<path d=\"M281.6,349.867h-51.2c-4.71,0-8.533,3.823-8.533,8.533s3.823,8.533,8.533,8.533h51.2c4.71,0,8.533-3.823,8.533-8.533   S286.31,349.867,281.6,349.867z\"><\/path>\t<\/g><\/g><g>\t<g>\t\t<path d=\"M469.333,42.667H42.667c-4.71,0-8.533,3.823-8.533,8.533v273.067c0,4.71,3.823,8.533,8.533,8.533h426.667   c4.71,0,8.533-3.823,8.533-8.533V51.2C477.867,46.49,474.044,42.667,469.333,42.667z M460.8,315.733H51.2v-256h409.6V315.733z\"><\/path>\t<\/g><\/g><g>\t<g>\t\t<path d=\"M366.933,452.267H145.067c-14.114,0-25.6,11.486-25.6,25.6s11.486,25.6,25.6,25.6h221.867c14.114,0,25.6-11.486,25.6-25.6   S381.047,452.267,366.933,452.267z M366.933,486.4H145.067c-4.71,0-8.533-3.831-8.533-8.533s3.823-8.533,8.533-8.533h221.867   c4.71,0,8.533,3.831,8.533,8.533S371.644,486.4,366.933,486.4z\"><\/path>\t<\/g><\/g><g>\t<g>\t\t<path d=\"M349.867,452.267c-28.314,0-42.667-20.096-42.667-59.733c0-4.71-3.823-8.533-8.533-8.533h-85.333   c-4.71,0-8.533,3.823-8.533,8.533c0,39.637-14.353,59.733-42.667,59.733c-4.71,0-8.533,3.823-8.533,8.533   c0,4.71,3.823,8.533,8.533,8.533h187.733c4.71,0,8.533-3.823,8.533-8.533C358.4,456.09,354.577,452.267,349.867,452.267z    M203.699,452.267c10.505-11.639,16.691-28.971,17.937-51.2h68.736c1.237,22.229,7.424,39.561,17.937,51.2H203.699z\"><\/path>\t<\/g><\/g><g>\t<g>\t\t<path d=\"M407.757,259.959l-20.599-20.599l11.46-11.46c2.125-2.125,2.978-5.214,2.244-8.124c-0.734-2.91-2.944-5.214-5.82-6.084   l-85.333-25.6c-3.012-0.905-6.263-0.077-8.482,2.142c-2.227,2.219-3.046,5.478-2.142,8.482l25.6,85.333   c0.862,2.884,3.174,5.094,6.084,5.828c2.901,0.717,5.999-0.12,8.124-2.244l12.066-12.075l20.599,20.608   c1.596,1.604,3.772,2.5,6.033,2.5s4.437-0.896,6.033-2.5l24.132-24.141C411.093,268.689,411.093,263.296,407.757,259.959z    M377.591,278.067l-18.756-18.765c-2.176-2.176-5.026-3.26-7.876-3.26c-2.859,0-5.709,1.092-7.876,3.251l-6.161,6.161   l-16.939-56.465l56.465,16.939l-6.605,6.605c-1.818,1.826-2.816,4.25-2.816,6.827c0,2.586,1.007,5.026,2.833,6.835l19.797,19.797   L377.591,278.067z\"><\/path>\t<\/g><\/g><g>\t<g>\t\t<path d=\"M358.4,76.8H119.467c-4.71,0-8.533,3.823-8.533,8.533V128c0,4.71,3.823,8.533,8.533,8.533H358.4   c4.71,0,8.533-3.823,8.533-8.533V85.333C366.933,80.623,363.11,76.8,358.4,76.8z M349.867,119.467H128v-25.6h221.867V119.467z\"><\/path>\t<\/g><\/g><g>\t<g>\t\t<path d=\"M221.867,170.667H153.6c-4.71,0-8.533,3.823-8.533,8.533v34.133c0,4.71,3.823,8.533,8.533,8.533h68.267   c4.71,0,8.533-3.823,8.533-8.533V179.2C230.4,174.49,226.577,170.667,221.867,170.667z M213.333,204.8h-51.2v-17.067h51.2V204.8z\"><\/path>\t<\/g><\/g><g>\t<g>\t\t<path d=\"M358.4,76.8H119.467c-4.71,0-8.533,3.823-8.533,8.533v162.133c0,4.71,3.823,8.533,8.533,8.533h203.145   c2.705,0,5.239-1.271,6.844-3.439c1.613-2.167,2.108-4.966,1.331-7.552l-10.803-36.019l35.968,10.795   c2.586,0.777,5.385,0.282,7.543-1.331c2.167-1.604,3.439-4.147,3.439-6.844V85.333C366.933,80.623,363.11,76.8,358.4,76.8z    M349.867,200.141L309.7,188.092c-3.012-0.905-6.263-0.077-8.482,2.142c-2.227,2.227-3.046,5.478-2.142,8.491l12.066,40.209H128   V93.867h221.867V200.141z\"><\/path>\t<\/g><\/g><g><\/g><g><\/g><g><\/g><g><\/g><g><\/g><g><\/g><g><\/g><g><\/g><g><\/g><g><\/g><g><\/g><g><\/g><g><\/g><g><\/g><g><\/g><\/svg>\t\t\t<\/div>\n\t\t<\/div>\n\t\t\t\t\t\t<\/div>\n\t\t\t\t<\/div>\n\t\t\t\t<div class=\"elementor-element elementor-element-aab87bf elementor-widget elementor-widget-heading\" data-id=\"aab87bf\" data-element_type=\"widget\" data-widget_type=\"heading.default\">\n\t\t\t\t<div class=\"elementor-widget-container\">\n\t\t\t\t\t<h2 class=\"elementor-heading-title elementor-size-default\">Oplevering<\/h2>\t\t\t\t<\/div>\n\t\t\t\t<\/div>\n\t\t\t\t<div class=\"elementor-element elementor-element-218db09 elementor-widget elementor-widget-text-editor\" data-id=\"218db09\" data-element_type=\"widget\" data-widget_type=\"text-editor.default\">\n\t\t\t\t<div class=\"elementor-widget-container\">\n\t\t\t\t\t\t\t\t\t<p data-start=\"782\" data-end=\"1048\">Zodra alles staat zoals jij het wilt, leveren we de website op \u2013 maar daarmee stopt het niet. Vanaf dat moment begint onze echte kracht: jij hoeft alleen maar door te geven wat er aangepast moet worden, en wij zorgen dat het gebeurt. Snel, duidelijk en zonder gedoe.<\/p>\t\t\t\t\t\t\t\t<\/div>\n\t\t\t\t<\/div>\n\t\t\t\t<\/div>\n\t\t\t\t<\/div>\n\t\t\t\t\t<\/div>\n\t\t\t\t<\/div>\n\t\t\t\t<\/div>\n\t\t","protected":false},"excerpt":{"rendered":"<p>Meer dan een website Een partner. We ontwikkelen niet alleen functionele en doordachte websites, maar zorgen er ook voor dat ze blijven werken, meegroeien en verbeteren. Voor jou, je gebruikers \u00e9n je toekomst. Offerte aanvragen Wat we doen en wie we zijn. Wij bouwen websites die blijven werken. Geen gedoe met zelf aanpassen: jij geeft [&hellip;]<\/p>\n","protected":false},"author":1,"featured_media":0,"parent":0,"menu_order":0,"comment_status":"closed","ping_status":"closed","template":"","meta":{"footnotes":""},"class_list":["post-262","page","type-page","status-publish","hentry"],"_links":{"self":[{"href":"https:\/\/mwmediaproductions.com\/index.php?rest_route=\/wp\/v2\/pages\/262","targetHints":{"allow":["GET"]}}],"collection":[{"href":"https:\/\/mwmediaproductions.com\/index.php?rest_route=\/wp\/v2\/pages"}],"about":[{"href":"https:\/\/mwmediaproductions.com\/index.php?rest_route=\/wp\/v2\/types\/page"}],"author":[{"embeddable":true,"href":"https:\/\/mwmediaproductions.com\/index.php?rest_route=\/wp\/v2\/users\/1"}],"replies":[{"embeddable":true,"href":"https:\/\/mwmediaproductions.com\/index.php?rest_route=%2Fwp%2Fv2%2Fcomments&post=262"}],"version-history":[{"count":25,"href":"https:\/\/mwmediaproductions.com\/index.php?rest_route=\/wp\/v2\/pages\/262\/revisions"}],"predecessor-version":[{"id":313,"href":"https:\/\/mwmediaproductions.com\/index.php?rest_route=\/wp\/v2\/pages\/262\/revisions\/313"}],"wp:attachment":[{"href":"https:\/\/mwmediaproductions.com\/index.php?rest_route=%2Fwp%2Fv2%2Fmedia&parent=262"}],"curies":[{"name":"wp","href":"https:\/\/api.w.org\/{rel}","templated":true}]}}